{"id":32,"date":"2026-03-12T09:28:22","date_gmt":"2026-03-12T09:28:22","guid":{"rendered":"https:\/\/winf26luc.chs-netz.de\/?page_id=32"},"modified":"2026-03-12T09:28:22","modified_gmt":"2026-03-12T09:28:22","slug":"impressum","status":"publish","type":"page","link":"https:\/\/winf26luc.chs-netz.de\/?page_id=32","title":{"rendered":"Impressum"},"content":{"rendered":"\n<div id='generator_results'>\n<div id='generator_results_content'>\n<h1>Impressum<\/h1>\n<h2>Verantwortliche(r)<\/h2>\n<p class='generator_user_input'>Luca Stertz<\/p>\n<h3>Postanschrift<\/h3>\n<p class='generator_user_input'>K\u00f6nigsbergerstra\u00dfe 9<\/p>\n<h3>Kontakt<\/h3>\n<p>E-Mail: +49 152 03721846<\/p>\n<p>Telefon: winf26luc@chs-netz.de<\/p>\n<h2>Hinweise zur Website<\/h2>\n<h3>Urheberrechtliche Hinweise<\/h3>\n<p class='generator_user_input'>[Bitte Informationen erg\u00e4nzen]<\/p>\n<h3>Verantwortlich f\u00fcr journalistisch-redaktionelle Inhalte<\/h3>\n<p class='generator_user_input'>[Bitte Informationen erg\u00e4nzen]<\/p>\n<p><em>Dieses Impressum wurde mit Hilfe des <a href=\"https:\/\/www.activemind.de\/generatoren\/impressum\/\" target=\"_blank\" rel=\"noopener\">Impressums-Generators der activeMind AG<\/a> erstellt (Version 2024-07-21).<\/em><\/p>\n<\/div>\n<\/div>\n","protected":false},"excerpt":{"rendered":"<p>Impressum Verantwortliche(r) Luca Stertz Postanschrift K\u00f6nigsbergerstra\u00dfe 9 Kontakt E-Mail: +49 152 03721846 Telefon: winf26luc@chs-netz.de Hinweise zur Website Urheberrechtliche Hinweise [Bitte Informationen erg\u00e4nzen] Verantwortlich f\u00fcr journalistisch-redaktionelle Inhalte [Bitte Informationen erg\u00e4nzen] Dieses Impressum wurde mit Hilfe des Impressums-Generators der activeMind AG erstellt (Version 2024-07-21).<\/p>\n","protected":false},"author":1,"featured_media":0,"parent":0,"menu_order":0,"comment_status":"closed","ping_status":"closed","template":"","meta":{"footnotes":""},"class_list":["post-32","page","type-page","status-publish","hentry"],"_links":{"self":[{"href":"https:\/\/winf26luc.chs-netz.de\/index.php?rest_route=\/wp\/v2\/pages\/32","targetHints":{"allow":["GET"]}}],"collection":[{"href":"https:\/\/winf26luc.chs-netz.de\/index.php?rest_route=\/wp\/v2\/pages"}],"about":[{"href":"https:\/\/winf26luc.chs-netz.de\/index.php?rest_route=\/wp\/v2\/types\/page"}],"author":[{"embeddable":true,"href":"https:\/\/winf26luc.chs-netz.de\/index.php?rest_route=\/wp\/v2\/users\/1"}],"replies":[{"embeddable":true,"href":"https:\/\/winf26luc.chs-netz.de\/index.php?rest_route=%2Fwp%2Fv2%2Fcomments&post=32"}],"version-history":[{"count":1,"href":"https:\/\/winf26luc.chs-netz.de\/index.php?rest_route=\/wp\/v2\/pages\/32\/revisions"}],"predecessor-version":[{"id":33,"href":"https:\/\/winf26luc.chs-netz.de\/index.php?rest_route=\/wp\/v2\/pages\/32\/revisions\/33"}],"wp:attachment":[{"href":"https:\/\/winf26luc.chs-netz.de\/index.php?rest_route=%2Fwp%2Fv2%2Fmedia&parent=32"}],"curies":[{"name":"wp","href":"https:\/\/api.w.org\/{rel}","templated":true}]}}